{"id":284,"date":"2021-07-12T11:34:01","date_gmt":"2021-07-12T14:34:01","guid":{"rendered":"http:\/\/photoexperience.com.ar\/nueva\/my-dashboard\/"},"modified":"2021-07-19T14:40:09","modified_gmt":"2021-07-19T17:40:09","slug":"my-dashboard","status":"publish","type":"page","link":"https:\/\/photoexperience.com.ar\/nueva\/my-dashboard\/","title":{"rendered":"My Dashboard"},"content":{"rendered":"\t\t<div data-elementor-type=\"wp-page\" data-elementor-id=\"284\" class=\"elementor elementor-284\" data-elementor-settings=\"[]\">\n\t\t\t\t\t\t<div class=\"elementor-inner\">\n\t\t\t\t\t\t\t<div class=\"elementor-section-wrap\">\n\t\t\t\t\t\t\t<section class=\"elementor-section elementor-top-section elementor-element elementor-element-16195e3 elementor-section-boxed elementor-section-height-default elementor-section-height-default\" data-id=\"16195e3\" data-element_type=\"section\">\n\t\t\t\t\t\t<div class=\"elementor-container elementor-column-gap-default\">\n\t\t\t\t\t\t\t<div class=\"elementor-row\">\n\t\t\t\t\t<div class=\"elementor-column elementor-col-100 elementor-top-column elementor-element elementor-element-0ec8ccf\" data-id=\"0ec8ccf\" data-element_type=\"column\">\n\t\t\t<div class=\"elementor-column-wrap elementor-element-populated\">\n\t\t\t\t\t\t\t<div class=\"elementor-widget-wrap\">\n\t\t\t\t\t\t\t\t<\/div>\n\t\t\t\t\t<\/div>\n\t\t<\/div>\n\t\t\t\t\t\t\t\t<\/div>\n\t\t\t\t\t<\/div>\n\t\t<\/section>\n\t\t\t\t\t\t<\/div>\n\t\t\t\t\t\t<\/div>\n\t\t\t\t\t<\/div>\n\t\t","protected":false},"excerpt":{"rendered":"<p>admin Logout Compras Datos personales Hola admin (\u00bfno sos admin? Cerrar sesi\u00f3n) Desde el panel de control de tu cuenta pod\u00e9s ver tus pedidos recientes, gestionar tus direcciones de env\u00edo y facturaci\u00f3n y editar tu contrase\u00f1a y los detalles de tu cuenta.<\/p>\n","protected":false},"author":1,"featured_media":0,"parent":0,"menu_order":0,"comment_status":"closed","ping_status":"closed","template":"elementor_header_footer","meta":[],"_links":{"self":[{"href":"https:\/\/photoexperience.com.ar\/nueva\/wp-json\/wp\/v2\/pages\/284"}],"collection":[{"href":"https:\/\/photoexperience.com.ar\/nueva\/wp-json\/wp\/v2\/pages"}],"about":[{"href":"https:\/\/photoexperience.com.ar\/nueva\/wp-json\/wp\/v2\/types\/page"}],"author":[{"embeddable":true,"href":"https:\/\/photoexperience.com.ar\/nueva\/wp-json\/wp\/v2\/users\/1"}],"replies":[{"embeddable":true,"href":"https:\/\/photoexperience.com.ar\/nueva\/wp-json\/wp\/v2\/comments?post=284"}],"version-history":[{"count":18,"href":"https:\/\/photoexperience.com.ar\/nueva\/wp-json\/wp\/v2\/pages\/284\/revisions"}],"predecessor-version":[{"id":603,"href":"https:\/\/photoexperience.com.ar\/nueva\/wp-json\/wp\/v2\/pages\/284\/revisions\/603"}],"wp:attachment":[{"href":"https:\/\/photoexperience.com.ar\/nueva\/wp-json\/wp\/v2\/media?parent=284"}],"curies":[{"name":"wp","href":"https:\/\/api.w.org\/{rel}","templated":true}]}}