{"id":3256,"date":"2023-10-10T19:20:55","date_gmt":"2023-10-10T22:20:55","guid":{"rendered":"https:\/\/photoexperience.com.ar\/nueva\/?post_type=product&#038;p=3256"},"modified":"2023-12-28T21:57:14","modified_gmt":"2023-12-29T00:57:14","slug":"curso-retoque-producto-federico-obregon-2024-02-matricula","status":"publish","type":"product","link":"https:\/\/photoexperience.com.ar\/nueva\/curso\/curso-retoque-producto-federico-obregon-2024-02-matricula\/","title":{"rendered":"Curso Online Retoque Fotogr\u00e1fico de Producto con Federico Obreg\u00f3n 2024 02 &#8211; Matr\u00edcula (No Incluye cuota)"},"content":{"rendered":"","protected":false},"excerpt":{"rendered":"<p>*IMPORTANTE*<\/p>\n<p>Para reservar tu lugar en el curso debes abonar la MATRICULA que figura cargada en el carrito.<\/p>\n<p>Esta matr\u00edcula se abona 1 vez por a\u00f1o y cubre todos los cursos que realices en PHEX.<\/p>\n<p>En caso de que tu matricula est\u00e9 vigente, este pago se descontar\u00e1 de la cuota 1 del curso.<\/p>\n<p>El valor total del curso es de $ 39.000.- que se abonan en 2 cuotas seg\u00fan el siguiente esquema.<\/p>\n<p>CUOTA 1 . debe estatr paga hasta 10 dias antes de comenzar el curso<\/p>\n<p>CUOTA 2 . se abona entre la clase 4 y 5<\/p>\n<p>Si ya realizaste actividades en Phex vas a tener un 15% de descuento en la cuota 2<\/p>\n<p>Para otros descuentos, promociones o consultas puntuales, por favor escribinos a nuestro whatsapp y generamos la inscripci\u00f3n en forma personalizada.<\/p>\n","protected":false},"featured_media":3257,"template":"","meta":[],"product_cat":[75],"product_tag":[],"_links":{"self":[{"href":"https:\/\/photoexperience.com.ar\/nueva\/wp-json\/wp\/v2\/product\/3256"}],"collection":[{"href":"https:\/\/photoexperience.com.ar\/nueva\/wp-json\/wp\/v2\/product"}],"about":[{"href":"https:\/\/photoexperience.com.ar\/nueva\/wp-json\/wp\/v2\/types\/product"}],"wp:featuredmedia":[{"embeddable":true,"href":"https:\/\/photoexperience.com.ar\/nueva\/wp-json\/wp\/v2\/media\/3257"}],"wp:attachment":[{"href":"https:\/\/photoexperience.com.ar\/nueva\/wp-json\/wp\/v2\/media?parent=3256"}],"wp:term":[{"taxonomy":"product_cat","embeddable":true,"href":"https:\/\/photoexperience.com.ar\/nueva\/wp-json\/wp\/v2\/product_cat?post=3256"},{"taxonomy":"product_tag","embeddable":true,"href":"https:\/\/photoexperience.com.ar\/nueva\/wp-json\/wp\/v2\/product_tag?post=3256"}],"curies":[{"name":"wp","href":"https:\/\/api.w.org\/{rel}","templated":true}]}}