{"id":3693,"date":"2023-12-26T15:57:44","date_gmt":"2023-12-26T18:57:44","guid":{"rendered":"https:\/\/photoexperience.com.ar\/nueva\/?post_type=product&#038;p=3693"},"modified":"2023-12-26T16:05:28","modified_gmt":"2023-12-26T19:05:28","slug":"mc-arte-eugenio-recuenco-2024-03-matricula","status":"publish","type":"product","link":"https:\/\/photoexperience.com.ar\/nueva\/curso\/mc-arte-eugenio-recuenco-2024-03-matricula\/","title":{"rendered":"MC Online Direcci\u00f3n de arte en la Fotograf\u00eda con Eugenio Recuenco y Eric Dover 2024 03 &#8211; Matr\u00edcula (No Incluye cuota)"},"content":{"rendered":"","protected":false},"excerpt":{"rendered":"<p>*IMPORTANTE*<\/p>\n<p>Para reservar tu lugar en el curso debes abonar la MATRICULA que figura cargada en el carrito.<\/p>\n<p>Esta matr\u00edcula se abona 1 vez por a\u00f1o y cubre todos los cursos que realices en PHEX.<\/p>\n<p>En caso de que tu matricula est\u00e9 vigente, este pago se descontar\u00e1 de la cuota del workshop.<\/p>\n<p>El valor total del curso es de $ X &#8211; que se abona en 1 cuota<\/p>\n<p>CUOTA 1 . debe estar paga hasta 72 hs antes de comenzar el workshop<\/p>\n<p>Si ya realizaste actividades en Phex vas a tener un 15% de descuento en la segunda cuota del curso.<\/p>\n<p>Para otros descuentos, promociones o consultas puntuales, por favor escribinos a nuestro whatsapp y generamos la inscripci\u00f3n en forma personalizada.<\/p>\n","protected":false},"featured_media":2877,"template":"","meta":[],"product_cat":[75],"product_tag":[],"_links":{"self":[{"href":"https:\/\/photoexperience.com.ar\/nueva\/wp-json\/wp\/v2\/product\/3693"}],"collection":[{"href":"https:\/\/photoexperience.com.ar\/nueva\/wp-json\/wp\/v2\/product"}],"about":[{"href":"https:\/\/photoexperience.com.ar\/nueva\/wp-json\/wp\/v2\/types\/product"}],"wp:featuredmedia":[{"embeddable":true,"href":"https:\/\/photoexperience.com.ar\/nueva\/wp-json\/wp\/v2\/media\/2877"}],"wp:attachment":[{"href":"https:\/\/photoexperience.com.ar\/nueva\/wp-json\/wp\/v2\/media?parent=3693"}],"wp:term":[{"taxonomy":"product_cat","embeddable":true,"href":"https:\/\/photoexperience.com.ar\/nueva\/wp-json\/wp\/v2\/product_cat?post=3693"},{"taxonomy":"product_tag","embeddable":true,"href":"https:\/\/photoexperience.com.ar\/nueva\/wp-json\/wp\/v2\/product_tag?post=3693"}],"curies":[{"name":"wp","href":"https:\/\/api.w.org\/{rel}","templated":true}]}}